{"id":2303,"date":"2023-10-02T20:27:07","date_gmt":"2023-10-02T18:27:07","guid":{"rendered":"https:\/\/comitedebioetica.isciii.es\/analogous-organs\/"},"modified":"2023-10-12T12:40:01","modified_gmt":"2023-10-12T10:40:01","slug":"analogous-organs","status":"publish","type":"page","link":"https:\/\/comitedebioetica.isciii.es\/en\/analogous-organs\/","title":{"rendered":"Analogous organs"},"content":{"rendered":"\t\t<div data-elementor-type=\"wp-page\" data-elementor-id=\"2303\" class=\"elementor elementor-2303 elementor-18\" data-elementor-post-type=\"page\">\n\t\t\t\t<div class=\"elementor-element elementor-element-7d3a40b e-con-full e-flex e-con e-parent\" data-id=\"7d3a40b\" data-element_type=\"container\" data-e-type=\"container\" data-settings=\"{&quot;background_background&quot;:&quot;classic&quot;}\">\n\t\t\t\t<div class=\"elementor-element elementor-element-a589007 elementor-widget elementor-widget-heading\" data-id=\"a589007\" data-element_type=\"widget\" data-e-type=\"widget\" data-widget_type=\"heading.default\">\n\t\t\t\t<div class=\"elementor-widget-container\">\n\t\t\t\t\t<h1 class=\"elementor-heading-title elementor-size-default\">Analogous organs<\/h1>\t\t\t\t<\/div>\n\t\t\t\t<\/div>\n\t\t\t\t<\/div>\n\t\t<div class=\"elementor-element elementor-element-a8f6dd9 e-flex e-con-boxed e-con e-parent\" data-id=\"a8f6dd9\" data-element_type=\"container\" data-e-type=\"container\">\n\t\t\t\t\t<div class=\"e-con-inner\">\n\t\t<div class=\"elementor-element elementor-element-8d4ed4d e-con-full e-flex e-con e-child\" data-id=\"8d4ed4d\" data-element_type=\"container\" data-e-type=\"container\">\n\t\t\t\t<div class=\"elementor-element elementor-element-de1e644 elementor-widget-divider--view-line_text elementor-widget-divider--element-align-center elementor-widget elementor-widget-divider\" data-id=\"de1e644\" data-element_type=\"widget\" data-e-type=\"widget\" data-widget_type=\"divider.default\">\n\t\t\t\t<div class=\"elementor-widget-container\">\n\t\t\t\t\t\t\t<div class=\"elementor-divider\">\n\t\t\t<span class=\"elementor-divider-separator\">\n\t\t\t\t\t\t\t<h1 class=\"elementor-divider__text elementor-divider__element\">\n\t\t\t\tNACIONALES\t\t\t\t<\/h1>\n\t\t\t\t\t\t<\/span>\n\t\t<\/div>\n\t\t\t\t\t\t<\/div>\n\t\t\t\t<\/div>\n\t\t\t\t<div class=\"elementor-element elementor-element-0290335 elementor-widget elementor-widget-text-editor\" data-id=\"0290335\" data-element_type=\"widget\" data-e-type=\"widget\" data-widget_type=\"text-editor.default\">\n\t\t\t\t<div class=\"elementor-widget-container\">\n\t\t\t\t\t\t\t\t\t<p><a href=\"http:\/\/www.bioeticayderecho.ub.edu\/\" target=\"_blank\" rel=\"noopener\">Observatorio de Bio\u00e9tica y Derecho (OBD) Universidad de Barcelona<\/a><\/p>\n<p><a href=\"http:\/\/canalsalut.gencat.cat\/ca\/sistema-de-salut\/comite-de-bioetica-de-catalunya\/\" target=\"_blank\" rel=\"noopener\">Comit\u00e9 de Bio\u00e9tica de Catalu\u00f1a<\/a><\/p>\n<p><a href=\"https:\/\/www.sergas.es\/Bioetica?idioma=es&amp;idcatgrupo=1030151\" target=\"_blank\" rel=\"noopener\">Consejo de Bio\u00e9tica de Galicia<\/a><\/p>\n<p><a href=\"https:\/\/www.astursalud.es\/categorias\/-\/categorias\/profesionales\/05000area-sociosanitaria\/02000comision-asesora-de-bioetica-del-principado-de-asturias\" target=\"_blank\" rel=\"noopener\">Comisi\u00f3n Asesora de Bio\u00e9tica del Principado de Asturias<\/a><\/p>\n<p><a href=\"https:\/\/www.juntadeandalucia.es\/organismos\/saludyfamilias\/consejeria\/organos-colegiados\/61730.html\" target=\"_blank\" rel=\"noopener\">Comit\u00e9 de Bio\u00e9tica de Andaluc\u00eda<\/a><\/p>\n<p><a href=\"https:\/\/www.aragon.es\/OrganosConsultivosGobiernoAragon\/OrganosConsultivos\/ComiteBioeticaAragon\" target=\"_blank\" rel=\"noopener\">Comit\u00e9 de Bio\u00e9tica de Arag\u00f3n<\/a><\/p>\n<p><a href=\"https:\/\/www.saludcastillayleon.es\/profesionales\/es\/bioetica\/comision-bioetica-castilla-leon\" target=\"_blank\" rel=\"noopener\">Comit\u00e9 de Bio\u00e9tica de Castilla y Le\u00f3n<\/a><\/p>\n<p><a href=\"http:\/\/laadministracionaldia.inap.es\/noticia.asp?id=1158372\" target=\"_blank\" rel=\"noopener\">Comit\u00e9 de Bio\u00e9tica de Valencia<\/a><\/p>\n<p><a href=\"http:\/\/www.catedraderechoygenomahumano.es\/presentacion.asp\" target=\"_blank\" rel=\"noopener\">C\u00e1tedra de Derecho y Genoma Humano<\/a><\/p>\n<p><a href=\"http:\/\/www.ub.edu\/rceue\/index.htm\" target=\"_blank\" rel=\"noopener\">Red de Comit\u00e9s de \u00c9tica de Universidades y Organismos P\u00fablicos de Investigaci\u00f3n<\/a><\/p>\n\t\t\t\t\t\t\t\t<\/div>\n\t\t\t\t<\/div>\n\t\t\t\t<\/div>\n\t\t<div class=\"elementor-element elementor-element-7dca816 e-con-full e-flex e-con e-child\" data-id=\"7dca816\" data-element_type=\"container\" data-e-type=\"container\">\n\t\t\t\t<div class=\"elementor-element elementor-element-6f3d8b1 elementor-widget-divider--view-line_text elementor-widget-divider--element-align-center elementor-widget elementor-widget-divider\" data-id=\"6f3d8b1\" data-element_type=\"widget\" data-e-type=\"widget\" data-widget_type=\"divider.default\">\n\t\t\t\t<div class=\"elementor-widget-container\">\n\t\t\t\t\t\t\t<div class=\"elementor-divider\">\n\t\t\t<span class=\"elementor-divider-separator\">\n\t\t\t\t\t\t\t<h3 class=\"elementor-divider__text elementor-divider__element\">\n\t\t\t\tINTERNACIONALES\t\t\t\t<\/h3>\n\t\t\t\t\t\t<\/span>\n\t\t<\/div>\n\t\t\t\t\t\t<\/div>\n\t\t\t\t<\/div>\n\t\t\t\t<div class=\"elementor-element elementor-element-d9b3e0d elementor-widget elementor-widget-text-editor\" data-id=\"d9b3e0d\" data-element_type=\"widget\" data-e-type=\"widget\" data-widget_type=\"text-editor.default\">\n\t\t\t\t<div class=\"elementor-widget-container\">\n\t\t\t\t\t\t\t\t\t<p><a href=\"http:\/\/www.unesco.org\/new\/en\/social-and-human-sciences\/themes\/bioethics\/international-bioethics-committee\/\" target=\"_blank\" rel=\"noopener\">UNESCO &#8211; International Bioethics Committee (IBC)<\/a><\/p>\n<p><a href=\"http:\/\/www.unesco.org\/shs\/ethics\/geobs\" target=\"_blank\" rel=\"noopener\">UNESCO: Global Ethics Observatory (GEObs)<\/a><\/p>\n<p><a href=\"https:\/\/www.who.int\/ethics\/en\/\" target=\"_blank\" rel=\"noopener\">OMS &#8211; \u00c9tica y Salud<\/a><\/p>\n<p><a href=\"http:\/\/apps.who.int\/ethics\/nationalcommittees\/\" target=\"_blank\" rel=\"noopener\">OMS &#8211; Base de Datos de Comit\u00e9s nacionales de Bio\u00e9tica<\/a><\/p>\n<p><a href=\"https:\/\/www.paho.org\/hq\/index.php?lang=es\" target=\"_blank\" rel=\"noopener\">Organizaci\u00f3n Panamericana de la Salud<\/a><\/p>\n<p><a href=\"http:\/\/ec.europa.eu\/bepa\/european-group-ethics\/ethics-links\/index_en.htm#nec\" target=\"_blank\" rel=\"noopener\">Comit\u00e9s nacionales de Bio\u00e9tica de Europa<\/a><\/p>\n<p><a href=\"https:\/\/ec.europa.eu\/info\/research-and-innovation\/strategy\/support-policy-making\/scientific-support-eu-policies\/european-group-ethics-science-and-new-technologies-ege_en#nec\" target=\"_blank\" rel=\"noopener\">European Group on Ethics in Science and New Technologies (EGE)<\/a><\/p>\n<p><a href=\"http:\/\/www.cioms.ch\/index.php\/affiliations\" target=\"_blank\" rel=\"noopener\">Uni\u00f3n Europea: Council for International Organizations of Medical Sciences (CIOMS) Affiliations<\/a><\/p>\n<p><a href=\"http:\/\/www.coe.int\/t\/dg3\/healthbioethic\/\" target=\"_blank\" rel=\"noopener\">Consejo de Europa<\/a><\/p>\n<p><a href=\"http:\/\/www.coe.int\/t\/dg3\/healthbioethic\/cdbi\/default_en.asp\" target=\"_blank\" rel=\"noopener\">Consejo de Europa &#8211; DH-BIO<\/a><\/p>\n<p><a href=\"http:\/\/www.sibi.org\/sib\/index.htm\" target=\"_blank\" rel=\"noopener\">Sociedad Internacional de Bio\u00e9tica (SIBI)<\/a><\/p>\n\t\t\t\t\t\t\t\t<\/div>\n\t\t\t\t<\/div>\n\t\t\t\t<\/div>\n\t\t\t\t\t<\/div>\n\t\t\t\t<\/div>\n\t\t\t\t<\/div>\n\t\t","protected":false},"excerpt":{"rendered":"<p>NACIONALES Observatorio de Bio\u00e9tica y Derecho (OBD) Universidad de Barcelona Comit\u00e9 de Bio\u00e9tica de Catalu\u00f1a Consejo de Bio\u00e9tica de Galicia Comisi\u00f3n Asesora de Bio\u00e9tica del Principado de Asturias Comit\u00e9 de Bio\u00e9tica de Andaluc\u00eda Comit\u00e9 de Bio\u00e9tica de Arag\u00f3n Comit\u00e9 de Bio\u00e9tica de Castilla y Le\u00f3n Comit\u00e9 de Bio\u00e9tica de Valencia C\u00e1tedra de Derecho y Genoma [&hellip;]<\/p>\n","protected":false},"author":1,"featured_media":0,"parent":0,"menu_order":0,"comment_status":"closed","ping_status":"closed","template":"","meta":{"_acf_changed":false,"footnotes":""},"class_list":["post-2303","page","type-page","status-publish","hentry"],"acf":[],"yoast_head":"<!-- This site is optimized with the Yoast SEO plugin v27.4 - https:\/\/yoast.com\/product\/yoast-seo-wordpress\/ -->\n<title>Analogous organs - COMIT\u00c9 DE BIO\u00c9TICA DE ESPA\u00d1A<\/title>\n<meta name=\"robots\" content=\"index, follow, max-snippet:-1, max-image-preview:large, max-video-preview:-1\" \/>\n<link rel=\"canonical\" href=\"https:\/\/comitedebioetica.isciii.es\/en\/analogous-organs\/\" \/>\n<meta property=\"og:locale\" content=\"en_US\" \/>\n<meta property=\"og:type\" content=\"article\" \/>\n<meta property=\"og:title\" content=\"Analogous organs - COMIT\u00c9 DE BIO\u00c9TICA DE ESPA\u00d1A\" \/>\n<meta property=\"og:description\" content=\"NACIONALES Observatorio de Bio\u00e9tica y Derecho (OBD) Universidad de Barcelona Comit\u00e9 de Bio\u00e9tica de Catalu\u00f1a Consejo de Bio\u00e9tica de Galicia Comisi\u00f3n Asesora de Bio\u00e9tica del Principado de Asturias Comit\u00e9 de Bio\u00e9tica de Andaluc\u00eda Comit\u00e9 de Bio\u00e9tica de Arag\u00f3n Comit\u00e9 de Bio\u00e9tica de Castilla y Le\u00f3n Comit\u00e9 de Bio\u00e9tica de Valencia C\u00e1tedra de Derecho y Genoma [&hellip;]\" \/>\n<meta property=\"og:url\" content=\"https:\/\/comitedebioetica.isciii.es\/en\/analogous-organs\/\" \/>\n<meta property=\"og:site_name\" content=\"COMIT\u00c9 DE BIO\u00c9TICA DE ESPA\u00d1A\" \/>\n<meta property=\"article:modified_time\" content=\"2023-10-12T10:40:01+00:00\" \/>\n<meta name=\"twitter:card\" content=\"summary_large_image\" \/>\n<meta name=\"twitter:label1\" content=\"Est. reading time\" \/>\n\t<meta name=\"twitter:data1\" content=\"1 minute\" \/>\n<script type=\"application\/ld+json\" class=\"yoast-schema-graph\">{\"@context\":\"https:\\\/\\\/schema.org\",\"@graph\":[{\"@type\":\"WebPage\",\"@id\":\"https:\\\/\\\/comitedebioetica.isciii.es\\\/en\\\/analogous-organs\\\/\",\"url\":\"https:\\\/\\\/comitedebioetica.isciii.es\\\/en\\\/analogous-organs\\\/\",\"name\":\"Analogous organs - COMIT\u00c9 DE BIO\u00c9TICA DE ESPA\u00d1A\",\"isPartOf\":{\"@id\":\"https:\\\/\\\/comitedebioetica.isciii.es\\\/#website\"},\"datePublished\":\"2023-10-02T18:27:07+00:00\",\"dateModified\":\"2023-10-12T10:40:01+00:00\",\"breadcrumb\":{\"@id\":\"https:\\\/\\\/comitedebioetica.isciii.es\\\/en\\\/analogous-organs\\\/#breadcrumb\"},\"inLanguage\":\"en-US\",\"potentialAction\":[{\"@type\":\"ReadAction\",\"target\":[\"https:\\\/\\\/comitedebioetica.isciii.es\\\/en\\\/analogous-organs\\\/\"]}]},{\"@type\":\"BreadcrumbList\",\"@id\":\"https:\\\/\\\/comitedebioetica.isciii.es\\\/en\\\/analogous-organs\\\/#breadcrumb\",\"itemListElement\":[{\"@type\":\"ListItem\",\"position\":1,\"name\":\"Portada\",\"item\":\"https:\\\/\\\/comitedebioetica.isciii.es\\\/\"},{\"@type\":\"ListItem\",\"position\":2,\"name\":\"Analogous organs\"}]},{\"@type\":\"WebSite\",\"@id\":\"https:\\\/\\\/comitedebioetica.isciii.es\\\/#website\",\"url\":\"https:\\\/\\\/comitedebioetica.isciii.es\\\/\",\"name\":\"COMIT\u00c9 DE BIO\u00c9TICA DE ESPA\u00d1A\",\"description\":\"Web oficial del Comit\u00e9 de Bio\u00e9tica de Espa\u00f1a, documentos, legislaci\u00f3n y resoluciones, opiniones sobre temas actuales y relevantes\",\"publisher\":{\"@id\":\"https:\\\/\\\/comitedebioetica.isciii.es\\\/#organization\"},\"potentialAction\":[{\"@type\":\"SearchAction\",\"target\":{\"@type\":\"EntryPoint\",\"urlTemplate\":\"https:\\\/\\\/comitedebioetica.isciii.es\\\/?s={search_term_string}\"},\"query-input\":{\"@type\":\"PropertyValueSpecification\",\"valueRequired\":true,\"valueName\":\"search_term_string\"}}],\"inLanguage\":\"en-US\"},{\"@type\":\"Organization\",\"@id\":\"https:\\\/\\\/comitedebioetica.isciii.es\\\/#organization\",\"name\":\"COMIT\u00c9 DE BIO\u00c9TICA DE ESPA\u00d1A\",\"url\":\"https:\\\/\\\/comitedebioetica.isciii.es\\\/\",\"logo\":{\"@type\":\"ImageObject\",\"inLanguage\":\"en-US\",\"@id\":\"https:\\\/\\\/comitedebioetica.isciii.es\\\/#\\\/schema\\\/logo\\\/image\\\/\",\"url\":\"https:\\\/\\\/comitedebioetica.isciii.es\\\/wp-content\\\/uploads\\\/2023\\\/10\\\/LOGO-COMITE-BIOETICA-ESPANA.png\",\"contentUrl\":\"https:\\\/\\\/comitedebioetica.isciii.es\\\/wp-content\\\/uploads\\\/2023\\\/10\\\/LOGO-COMITE-BIOETICA-ESPANA.png\",\"width\":250,\"height\":127,\"caption\":\"COMIT\u00c9 DE BIO\u00c9TICA DE ESPA\u00d1A\"},\"image\":{\"@id\":\"https:\\\/\\\/comitedebioetica.isciii.es\\\/#\\\/schema\\\/logo\\\/image\\\/\"}}]}<\/script>\n<!-- \/ Yoast SEO plugin. -->","yoast_head_json":{"title":"Analogous organs - COMIT\u00c9 DE BIO\u00c9TICA DE ESPA\u00d1A","robots":{"index":"index","follow":"follow","max-snippet":"max-snippet:-1","max-image-preview":"max-image-preview:large","max-video-preview":"max-video-preview:-1"},"canonical":"https:\/\/comitedebioetica.isciii.es\/en\/analogous-organs\/","og_locale":"en_US","og_type":"article","og_title":"Analogous organs - COMIT\u00c9 DE BIO\u00c9TICA DE ESPA\u00d1A","og_description":"NACIONALES Observatorio de Bio\u00e9tica y Derecho (OBD) Universidad de Barcelona Comit\u00e9 de Bio\u00e9tica de Catalu\u00f1a Consejo de Bio\u00e9tica de Galicia Comisi\u00f3n Asesora de Bio\u00e9tica del Principado de Asturias Comit\u00e9 de Bio\u00e9tica de Andaluc\u00eda Comit\u00e9 de Bio\u00e9tica de Arag\u00f3n Comit\u00e9 de Bio\u00e9tica de Castilla y Le\u00f3n Comit\u00e9 de Bio\u00e9tica de Valencia C\u00e1tedra de Derecho y Genoma [&hellip;]","og_url":"https:\/\/comitedebioetica.isciii.es\/en\/analogous-organs\/","og_site_name":"COMIT\u00c9 DE BIO\u00c9TICA DE ESPA\u00d1A","article_modified_time":"2023-10-12T10:40:01+00:00","twitter_card":"summary_large_image","twitter_misc":{"Est. reading time":"1 minute"},"schema":{"@context":"https:\/\/schema.org","@graph":[{"@type":"WebPage","@id":"https:\/\/comitedebioetica.isciii.es\/en\/analogous-organs\/","url":"https:\/\/comitedebioetica.isciii.es\/en\/analogous-organs\/","name":"Analogous organs - COMIT\u00c9 DE BIO\u00c9TICA DE ESPA\u00d1A","isPartOf":{"@id":"https:\/\/comitedebioetica.isciii.es\/#website"},"datePublished":"2023-10-02T18:27:07+00:00","dateModified":"2023-10-12T10:40:01+00:00","breadcrumb":{"@id":"https:\/\/comitedebioetica.isciii.es\/en\/analogous-organs\/#breadcrumb"},"inLanguage":"en-US","potentialAction":[{"@type":"ReadAction","target":["https:\/\/comitedebioetica.isciii.es\/en\/analogous-organs\/"]}]},{"@type":"BreadcrumbList","@id":"https:\/\/comitedebioetica.isciii.es\/en\/analogous-organs\/#breadcrumb","itemListElement":[{"@type":"ListItem","position":1,"name":"Portada","item":"https:\/\/comitedebioetica.isciii.es\/"},{"@type":"ListItem","position":2,"name":"Analogous organs"}]},{"@type":"WebSite","@id":"https:\/\/comitedebioetica.isciii.es\/#website","url":"https:\/\/comitedebioetica.isciii.es\/","name":"COMIT\u00c9 DE BIO\u00c9TICA DE ESPA\u00d1A","description":"Web oficial del Comit\u00e9 de Bio\u00e9tica de Espa\u00f1a, documentos, legislaci\u00f3n y resoluciones, opiniones sobre temas actuales y relevantes","publisher":{"@id":"https:\/\/comitedebioetica.isciii.es\/#organization"},"potentialAction":[{"@type":"SearchAction","target":{"@type":"EntryPoint","urlTemplate":"https:\/\/comitedebioetica.isciii.es\/?s={search_term_string}"},"query-input":{"@type":"PropertyValueSpecification","valueRequired":true,"valueName":"search_term_string"}}],"inLanguage":"en-US"},{"@type":"Organization","@id":"https:\/\/comitedebioetica.isciii.es\/#organization","name":"COMIT\u00c9 DE BIO\u00c9TICA DE ESPA\u00d1A","url":"https:\/\/comitedebioetica.isciii.es\/","logo":{"@type":"ImageObject","inLanguage":"en-US","@id":"https:\/\/comitedebioetica.isciii.es\/#\/schema\/logo\/image\/","url":"https:\/\/comitedebioetica.isciii.es\/wp-content\/uploads\/2023\/10\/LOGO-COMITE-BIOETICA-ESPANA.png","contentUrl":"https:\/\/comitedebioetica.isciii.es\/wp-content\/uploads\/2023\/10\/LOGO-COMITE-BIOETICA-ESPANA.png","width":250,"height":127,"caption":"COMIT\u00c9 DE BIO\u00c9TICA DE ESPA\u00d1A"},"image":{"@id":"https:\/\/comitedebioetica.isciii.es\/#\/schema\/logo\/image\/"}}]}},"_links":{"self":[{"href":"https:\/\/comitedebioetica.isciii.es\/en\/wp-json\/wp\/v2\/pages\/2303","targetHints":{"allow":["GET"]}}],"collection":[{"href":"https:\/\/comitedebioetica.isciii.es\/en\/wp-json\/wp\/v2\/pages"}],"about":[{"href":"https:\/\/comitedebioetica.isciii.es\/en\/wp-json\/wp\/v2\/types\/page"}],"author":[{"embeddable":true,"href":"https:\/\/comitedebioetica.isciii.es\/en\/wp-json\/wp\/v2\/users\/1"}],"replies":[{"embeddable":true,"href":"https:\/\/comitedebioetica.isciii.es\/en\/wp-json\/wp\/v2\/comments?post=2303"}],"version-history":[{"count":1,"href":"https:\/\/comitedebioetica.isciii.es\/en\/wp-json\/wp\/v2\/pages\/2303\/revisions"}],"predecessor-version":[{"id":2304,"href":"https:\/\/comitedebioetica.isciii.es\/en\/wp-json\/wp\/v2\/pages\/2303\/revisions\/2304"}],"wp:attachment":[{"href":"https:\/\/comitedebioetica.isciii.es\/en\/wp-json\/wp\/v2\/media?parent=2303"}],"curies":[{"name":"wp","href":"https:\/\/api.w.org\/{rel}","templated":true}]}}